{"id":2,"date":"2025-11-19T17:50:05","date_gmt":"2025-11-19T17:50:05","guid":{"rendered":"https:\/\/studiomist.pl\/?page_id=2"},"modified":"2026-04-09T18:24:40","modified_gmt":"2026-04-09T18:24:40","slug":"sample-page","status":"publish","type":"page","link":"https:\/\/studiomist.pl\/","title":{"rendered":"Sample Page"},"content":{"rendered":"<div class=\"et_pb_section_0 et_pb_section et_section_regular et_flex_section preset--group--divi-section--divi-spacing--default\">\n<div class=\"et_pb_row_0 et_pb_row et_flex_row preset--group--divi-row--divi-spacing--default\">\n<div class=\"et_pb_column_0 et_pb_column et-last-child et_flex_column et_pb_css_mix_blend_mode_passthrough et_flex_column_24_24 et_flex_column_24_24_tablet et_flex_column_24_24_phone preset--group--divi-column--divi-spacing--default\">\n<div class=\"et_pb_text_0 et_pb_text et_pb_bg_layout_light et_pb_module et_flex_module preset--group--divi-text--divi-spacing--default\"><div class=\"et_pb_text_inner\"><p>BOUTIQUE DESIGN STUDIO<\/p>\n<\/div><\/div>\n\n<div class=\"et_pb_heading_0 et_pb_heading et_pb_module et_flex_module preset--group--divi-heading--divi-spacing--default\"><div class=\"et_pb_heading_container\"><h1 class=\"et_pb_module_header\">Wy\u0142aniamy Tw\u00f3j biznes z cyfrowej mg\u0142y<\/h1><\/div><\/div>\n\n<div class=\"et_pb_text_1 et_pb_text et_pb_bg_layout_light et_pb_module et_flex_module et_flex_column_24_24 et_flex_column_24_24_phone preset--group--divi-text--divi-spacing--default\"><\/div>\n\n<div class=\"et_pb_module et_pb_button_module_wrapper et_pb_button_0_wrapper preset--group--divi-button--divi-spacing--default_wrapper preset--group--divi-button--divi-button--default_wrapper preset--module--divi-button--default_wrapper\"><a class=\"et_pb_button_0 et_pb_button et_pb_bg_layout_light et_pb_module et_flex_module mist-btn preset--group--divi-button--divi-spacing--default preset--group--divi-button--divi-button--default preset--module--divi-button--default\" href=\"\">Um\u00f3w bezp\u0142atn\u0105 konsultacj\u0119<\/a><\/div>\n<\/div>\n<\/div>\n<\/div>\n\n<div class=\"et_pb_section_1 et_pb_section et_section_regular et_flex_section preset--group--divi-section--divi-spacing--default\">\n<div class=\"et_pb_row_1 et_pb_row et_flex_row preset--group--divi-row--divi-spacing--default\">\n<div class=\"et_pb_column_1 et_pb_column et-last-child et_flex_column et_pb_css_mix_blend_mode_passthrough et_flex_column_24_24 et_flex_column_24_24_tablet et_flex_column_24_24_phone preset--group--divi-column--divi-spacing--default\">\n<div class=\"et_pb_text_2 et_pb_text et_pb_bg_layout_light et_pb_module et_flex_module preset--group--divi-text--divi-spacing--default\"><div class=\"et_pb_text_inner\"><p>ZAUFALI NAM<\/p>\n<\/div><\/div>\n<\/div>\n<\/div>\n\n<div class=\"et_pb_row_2 et_pb_row et_flex_row preset--group--divi-row--divi-spacing--default\">\n<div class=\"et_pb_column_2 et_pb_column et-last-child et_flex_column et_pb_css_mix_blend_mode_passthrough et_flex_column_24_24 et_flex_column_24_24_tablet et_flex_column_24_24_phone preset--group--divi-column--divi-spacing--default\">\n<div class=\"et_pb_group_carousel_0 et_pb_group_carousel et_pb_group et_pb_module et_pb_group_carousel_dots_disabled et_pb_group_carousel_slides_2 preset--group--divi-group-carousel--divi-spacing--default\"><div class=\"et_pb_group_carousel_container\"><div class=\"et_pb_group_carousel_track\"><div class=\"et_pb_group_carousel_slide\"><div class=\"et_pb_group_0 et_pb_group et_pb_module et_flex_group et_pb_css_mix_blend_mode_passthrough preset--group--divi-group--divi-spacing--default\">\n<div class=\"et_pb_image_0 et_pb_image et_pb_module et_flex_module preset--group--divi-image--divi-spacing--default\"><span class=\"et_pb_image_wrap\"><img loading=\"lazy\" decoding=\"async\" src=\"https:\/\/studiomist.pl\/wp-content\/uploads\/2026\/04\/Portfolio-v2_CZB-logo-1.svg\" title=\"Portfolio-v2_CZB logo 1\" width=\"188\" height=\"152\" class=\"wp-image-75\" \/><\/span><\/div>\n<\/div><\/div><div class=\"et_pb_group_carousel_slide\"><div class=\"et_pb_group_1 et_pb_group et-last-child et_pb_module et_flex_group et_pb_css_mix_blend_mode_passthrough preset--group--divi-group--divi-spacing--default\">\n<div class=\"et_pb_image_1 et_pb_image et_pb_module et_flex_module preset--group--divi-image--divi-spacing--default\"><span class=\"et_pb_image_wrap\"><img loading=\"lazy\" decoding=\"async\" src=\"https:\/\/studiomist.pl\/wp-content\/uploads\/2026\/04\/Portfolio-v2_LS-logo-1.svg\" title=\"Portfolio-v2_LS logo 1\" width=\"162\" height=\"131\" class=\"wp-image-76\" \/><\/span><\/div>\n<\/div><\/div><\/div><\/div><\/div>\n<\/div>\n<\/div>\n\n<div class=\"et_pb_row_3 et_pb_row et_flex_row preset--group--divi-row--divi-spacing--default\">\n<div class=\"et_pb_column_3 et_pb_column et-last-child et_flex_column et_pb_css_mix_blend_mode_passthrough et_flex_column_24_24 et_flex_column_24_24_tablet et_flex_column_24_24_phone preset--group--divi-column--divi-spacing--default\">\n<div class=\"et_pb_heading_1 et_pb_heading et_pb_module et_flex_module preset--group--divi-heading--divi-spacing--default\"><div class=\"et_pb_heading_container\"><h2 class=\"et_pb_module_header\">Nasze us\u0142ugi<\/h2><\/div><\/div>\n\n<div class=\"et_pb_text_3 et_pb_text et_pb_bg_layout_light et_pb_module et_flex_module preset--group--divi-text--divi-spacing--default\"><div class=\"et_pb_text_inner\"><p>Zadbaj o sp\u00f3jno\u015b\u0107, kt\u00f3ra sprzedaje w ka\u017cdym kanale.<\/p>\n<\/div><\/div>\n<\/div>\n<\/div>\n\n<div class=\"et_pb_row_4 et_pb_row et_flex_row preset--group--divi-row--divi-spacing--default\">\n<div class=\"et_pb_column_4 et_pb_column et_flex_column et_pb_css_mix_blend_mode_passthrough et_flex_column_12_24 et_flex_column_12_24_tablet et_flex_column_24_24_phone preset--group--divi-column--divi-spacing--default\">\n<div class=\"et_pb_text_4 et_pb_text et_pb_bg_layout_light et_pb_module et_flex_module preset--group--divi-text--divi-spacing--default\"><div class=\"et_pb_text_inner\"><p>T<\/p>\n<\/div><\/div>\n\n<div class=\"et_pb_text_5 et_pb_text et_pb_bg_layout_light et_pb_module et_flex_module preset--group--divi-text--divi-spacing--default\"><div class=\"et_pb_text_inner\"><h3>To\u017csamo\u015b\u0107 marki<\/h3>\n<p>Tw\u00f3j standard premium: logo, typografia i barwy, kt\u00f3re zapadaj\u0105 w pami\u0119\u0107.<\/p>\n<\/div><\/div>\n<\/div>\n\n<div class=\"et_pb_column_5 et_pb_column et-last-child et_flex_column et_pb_column_empty et_pb_css_mix_blend_mode_passthrough et_flex_column_12_24 et_flex_column_12_24_tablet et_flex_column_24_24_phone preset--group--divi-column--divi-spacing--default\"><\/div>\n<\/div>\n<\/div><div class=\"et_pb_section_2 et_pb_section et_section_regular et_flex_section preset--group--divi-section--divi-spacing--default\"><div class=\"et_pb_row_5 et_pb_row et_flex_row preset--group--divi-row--divi-spacing--default\"><div class=\"et_pb_column_6 et_pb_column et-last-child et_flex_column et_pb_css_mix_blend_mode_passthrough et_flex_column_24_24 et_flex_column_24_24_tablet et_flex_column_24_24_phone preset--group--divi-column--divi-spacing--default\"><div class=\"et_pb_module et_pb_button_module_wrapper et_pb_button_1_wrapper preset--group--divi-button--divi-spacing--default_wrapper preset--group--divi-button--divi-button--default_wrapper preset--module--divi-button--default_wrapper\"><a class=\"et_pb_button_1 et_pb_button et_pb_bg_layout_light et_pb_module et_flex_module preset--group--divi-button--divi-spacing--default preset--group--divi-button--divi-button--default preset--module--divi-button--default\" href=\"\">Porozmawiajmy<\/a><\/div><\/div><\/div><\/div>","protected":false},"excerpt":{"rendered":"<p>Porozmawiajmy<\/p>\n","protected":false},"author":1,"featured_media":0,"parent":0,"menu_order":0,"comment_status":"closed","ping_status":"open","template":"","meta":{"footnotes":""},"class_list":["post-2","page","type-page","status-publish","hentry"],"_links":{"self":[{"href":"https:\/\/studiomist.pl\/index.php\/wp-json\/wp\/v2\/pages\/2","targetHints":{"allow":["GET"]}}],"collection":[{"href":"https:\/\/studiomist.pl\/index.php\/wp-json\/wp\/v2\/pages"}],"about":[{"href":"https:\/\/studiomist.pl\/index.php\/wp-json\/wp\/v2\/types\/page"}],"author":[{"embeddable":true,"href":"https:\/\/studiomist.pl\/index.php\/wp-json\/wp\/v2\/users\/1"}],"replies":[{"embeddable":true,"href":"https:\/\/studiomist.pl\/index.php\/wp-json\/wp\/v2\/comments?post=2"}],"version-history":[{"count":30,"href":"https:\/\/studiomist.pl\/index.php\/wp-json\/wp\/v2\/pages\/2\/revisions"}],"predecessor-version":[{"id":90,"href":"https:\/\/studiomist.pl\/index.php\/wp-json\/wp\/v2\/pages\/2\/revisions\/90"}],"wp:attachment":[{"href":"https:\/\/studiomist.pl\/index.php\/wp-json\/wp\/v2\/media?parent=2"}],"curies":[{"name":"wp","href":"https:\/\/api.w.org\/{rel}","templated":true}]}}